{"id":6,"date":"2024-02-10T12:46:20","date_gmt":"2024-02-10T15:46:20","guid":{"rendered":"https:\/\/mksgestaodigital.com.br\/?page_id=6"},"modified":"2024-02-10T13:27:36","modified_gmt":"2024-02-10T16:27:36","slug":"comunidade-radiestesia-terapeutica-lista-vip-de-pre-inscricao","status":"publish","type":"page","link":"https:\/\/mksgestaodigital.com.br\/","title":{"rendered":"Comunidade Radiestesia Terap\u00eautica &#8211; Lista VIP de Pr\u00e9-Inscri\u00e7\u00e3o"},"content":{"rendered":"\t\t<div data-elementor-type=\"wp-page\" data-elementor-id=\"6\" class=\"elementor elementor-6\">\n\t\t\t\t<div class=\"elementor-element elementor-element-5bf930d e-flex e-con-boxed e-con e-parent\" data-id=\"5bf930d\" data-element_type=\"container\" data-settings=\"{&quot;background_background&quot;:&quot;classic&quot;,&quot;content_width&quot;:&quot;boxed&quot;}\" data-core-v316-plus=\"true\">\n\t\t\t\t\t<div class=\"e-con-inner\">\n\t\t\t\t<div class=\"elementor-element elementor-element-61e86bb elementor-widget elementor-widget-image\" data-id=\"61e86bb\" data-element_type=\"widget\" data-widget_type=\"image.default\">\n\t\t\t\t<div class=\"elementor-widget-container\">\n\t\t\t<style>\/*! elementor - v3.19.0 - 07-02-2024 *\/\n.elementor-widget-image{text-align:center}.elementor-widget-image a{display:inline-block}.elementor-widget-image a img[src$=\".svg\"]{width:48px}.elementor-widget-image img{vertical-align:middle;display:inline-block}<\/style>\t\t\t\t\t\t\t\t\t\t<img decoding=\"async\" width=\"300\" height=\"115\" src=\"https:\/\/mksgestaodigital.com.br\/wp-content\/uploads\/2024\/02\/TMB-BANNER-MOBILE-7-300x115.png\" class=\"attachment-medium size-medium wp-image-19\" alt=\"\" srcset=\"https:\/\/mksgestaodigital.com.br\/wp-content\/uploads\/2024\/02\/TMB-BANNER-MOBILE-7-300x115.png 300w, https:\/\/mksgestaodigital.com.br\/wp-content\/uploads\/2024\/02\/TMB-BANNER-MOBILE-7-1024x393.png 1024w, https:\/\/mksgestaodigital.com.br\/wp-content\/uploads\/2024\/02\/TMB-BANNER-MOBILE-7-768x294.png 768w, https:\/\/mksgestaodigital.com.br\/wp-content\/uploads\/2024\/02\/TMB-BANNER-MOBILE-7.png 1200w\" sizes=\"(max-width: 300px) 100vw, 300px\" \/>\t\t\t\t\t\t\t\t\t\t\t\t\t<\/div>\n\t\t\t\t<\/div>\n\t\t\t\t\t<\/div>\n\t\t\t\t<\/div>\n\t\t<div class=\"elementor-element elementor-element-e2548bf e-flex e-con-boxed e-con e-parent\" data-id=\"e2548bf\" data-element_type=\"container\" data-settings=\"{&quot;background_background&quot;:&quot;classic&quot;,&quot;content_width&quot;:&quot;boxed&quot;}\" data-core-v316-plus=\"true\">\n\t\t\t\t\t<div class=\"e-con-inner\">\n\t\t<div class=\"elementor-element elementor-element-a020518 e-con-full e-flex e-con e-child\" data-id=\"a020518\" data-element_type=\"container\" data-settings=\"{&quot;content_width&quot;:&quot;full&quot;}\">\n\t\t\t\t<div class=\"elementor-element elementor-element-320e33f elementor-widget elementor-widget-heading\" data-id=\"320e33f\" data-element_type=\"widget\" data-widget_type=\"heading.default\">\n\t\t\t\t<div class=\"elementor-widget-container\">\n\t\t\t<style>\/*! elementor - v3.19.0 - 07-02-2024 *\/\n.elementor-heading-title{padding:0;margin:0;line-height:1}.elementor-widget-heading .elementor-heading-title[class*=elementor-size-]>a{color:inherit;font-size:inherit;line-height:inherit}.elementor-widget-heading .elementor-heading-title.elementor-size-small{font-size:15px}.elementor-widget-heading .elementor-heading-title.elementor-size-medium{font-size:19px}.elementor-widget-heading .elementor-heading-title.elementor-size-large{font-size:29px}.elementor-widget-heading .elementor-heading-title.elementor-size-xl{font-size:39px}.elementor-widget-heading .elementor-heading-title.elementor-size-xxl{font-size:59px}<\/style><h2 class=\"elementor-heading-title elementor-size-default\">Comunidade Radiestesia Terap\u00eautica\u00ae: A Maior Comunidade de Radiestesia do Brasil<\/h2>\t\t<\/div>\n\t\t\t\t<\/div>\n\t\t\t\t<div class=\"elementor-element elementor-element-62dd403 elementor-widget elementor-widget-heading\" data-id=\"62dd403\" data-element_type=\"widget\" data-widget_type=\"heading.default\">\n\t\t\t\t<div class=\"elementor-widget-container\">\n\t\t\t<h2 class=\"elementor-heading-title elementor-size-default\">Aprenda a ser Terapeuta de Si Mesma e Ajudar Outras Pessoas com 100% de Confian\u00e7a atrav\u00e9s da Radiestesia Terap\u00eautica<span class=\"elementor-heading-title elementor-size-default elementor-inline-editing pen\" data-elementor-setting-key=\"title\" data-pen-placeholder=\"Digite aqui...\" style=\"margin-block: 0.5rem 1rem; font-size: 25px; outline-color: currentcolor; outline-style: none;\">\u00ae<\/span><\/h2>\t\t<\/div>\n\t\t\t\t<\/div>\n\t\t\t\t<\/div>\n\t\t\t\t\t<\/div>\n\t\t\t\t<\/div>\n\t\t<div class=\"elementor-element elementor-element-f9fa760 e-flex e-con-boxed e-con e-parent\" data-id=\"f9fa760\" data-element_type=\"container\" data-settings=\"{&quot;background_background&quot;:&quot;classic&quot;,&quot;content_width&quot;:&quot;boxed&quot;}\" data-core-v316-plus=\"true\">\n\t\t\t\t\t<div class=\"e-con-inner\">\n\t\t<div class=\"elementor-element elementor-element-1f93985 e-con-full e-flex e-con e-child\" data-id=\"1f93985\" data-element_type=\"container\" data-settings=\"{&quot;content_width&quot;:&quot;full&quot;,&quot;background_background&quot;:&quot;classic&quot;}\">\n\t\t\t\t<div class=\"elementor-element elementor-element-a4e7e74 elementor-widget elementor-widget-heading\" data-id=\"a4e7e74\" data-element_type=\"widget\" data-widget_type=\"heading.default\">\n\t\t\t\t<div class=\"elementor-widget-container\">\n\t\t\t<h2 class=\"elementor-heading-title elementor-size-default\"><span style=\"font-size: 25px;\">\u274c<\/span> No momento estamos com as <b><u>Inscri\u00e7\u00f5es ENCERRADAS<\/u><\/b><\/h2>\t\t<\/div>\n\t\t\t\t<\/div>\n\t\t\t\t<div class=\"elementor-element elementor-element-79b0eaa elementor-widget elementor-widget-heading\" data-id=\"79b0eaa\" data-element_type=\"widget\" data-widget_type=\"heading.default\">\n\t\t\t\t<div class=\"elementor-widget-container\">\n\t\t\t<h2 class=\"elementor-heading-title elementor-size-default\"><span style=\"font-size: 25px;\">Fa\u00e7a sua <b><u>Pr\u00e9-Inscri\u00e7\u00e3o Gratuita na Comu RT<\/u><\/b> para ser uma das primeiras a serem avisadas da abertura de vagas da pr\u00f3xima turma <\/span><\/h2>\t\t<\/div>\n\t\t\t\t<\/div>\n\t\t\t\t<div class=\"elementor-element elementor-element-9e93149 elementor-align-center elementor-widget elementor-widget-button\" data-id=\"9e93149\" data-element_type=\"widget\" data-widget_type=\"button.default\">\n\t\t\t\t<div class=\"elementor-widget-container\">\n\t\t\t\t\t<div class=\"elementor-button-wrapper\">\n\t\t\t<a class=\"elementor-button elementor-button-link elementor-size-sm\" href=\"https:\/\/lp.radiestesiaterapeutica.com.br\/inscricoes-fechadas\/?utm_source=mksgestaodigital\">\n\t\t\t\t\t\t<span class=\"elementor-button-content-wrapper\">\n\t\t\t\t\t\t<span class=\"elementor-button-text\">CLIQUE AQUI E FA\u00c7A SUA PR\u00c9-INSCRI\u00c7\u00c3O NA COMU RT<\/span>\n\t\t<\/span>\n\t\t\t\t\t<\/a>\n\t\t<\/div>\n\t\t\t\t<\/div>\n\t\t\t\t<\/div>\n\t\t\t\t<\/div>\n\t\t\t\t\t<\/div>\n\t\t\t\t<\/div>\n\t\t<div class=\"elementor-element elementor-element-54a2f08 e-flex e-con-boxed e-con e-parent\" data-id=\"54a2f08\" data-element_type=\"container\" data-settings=\"{&quot;content_width&quot;:&quot;boxed&quot;}\" data-core-v316-plus=\"true\">\n\t\t\t\t\t<div class=\"e-con-inner\">\n\t\t\t\t<div class=\"elementor-element elementor-element-b1ff06b elementor-widget elementor-widget-heading\" data-id=\"b1ff06b\" data-element_type=\"widget\" data-widget_type=\"heading.default\">\n\t\t\t\t<div class=\"elementor-widget-container\">\n\t\t\t<h2 class=\"elementor-heading-title elementor-size-default\">Copyright \u00a9 2024 Radiestesia Terap\u00eautica \u00e9 uma marca que pertence ao CNPJ 43.010.885\/0001-12 de Raz\u00e3o Social MKS Gest\u00e3o Digital LTDA - Todos os direitos reservados  <\/h2>\t\t<\/div>\n\t\t\t\t<\/div>\n\t\t\t\t\t<\/div>\n\t\t\t\t<\/div>\n\t\t<div class=\"elementor-element elementor-element-f01e0b1 e-flex e-con-boxed e-con e-parent\" data-id=\"f01e0b1\" data-element_type=\"container\" data-settings=\"{&quot;content_width&quot;:&quot;boxed&quot;}\" data-core-v316-plus=\"true\">\n\t\t\t\t\t<div class=\"e-con-inner\">\n\t\t<div class=\"elementor-element elementor-element-cdf3bef e-con-full e-flex e-con e-child\" data-id=\"cdf3bef\" data-element_type=\"container\" data-settings=\"{&quot;content_width&quot;:&quot;full&quot;}\">\n\t\t\t\t<\/div>\n\t\t<div class=\"elementor-element elementor-element-9ed84f5 e-con-full e-flex e-con e-child\" data-id=\"9ed84f5\" data-element_type=\"container\" data-settings=\"{&quot;content_width&quot;:&quot;full&quot;}\">\n\t\t\t\t<div class=\"elementor-element elementor-element-30704eb elementor-widget elementor-widget-heading\" data-id=\"30704eb\" data-element_type=\"widget\" data-widget_type=\"heading.default\">\n\t\t\t\t<div class=\"elementor-widget-container\">\n\t\t\t<h2 class=\"elementor-heading-title elementor-size-default\"><a href=\"https:\/\/radiestesiaterapeutica.com.br\/termos\/politica-de-privacidade-comu-rt\/\" target=\"_blank\">Pol\u00edtica de Privacidade<\/a><\/h2>\t\t<\/div>\n\t\t\t\t<\/div>\n\t\t\t\t<div class=\"elementor-element elementor-element-8e9fad3 elementor-widget elementor-widget-heading\" data-id=\"8e9fad3\" data-element_type=\"widget\" data-widget_type=\"heading.default\">\n\t\t\t\t<div class=\"elementor-widget-container\">\n\t\t\t<h2 class=\"elementor-heading-title elementor-size-default\"><a href=\"https:\/\/radiestesiaterapeutica.com.br\/termos\/termos-de-uso-comu-rt\/\" target=\"_blank\">Termos de Uso<\/a><\/h2>\t\t<\/div>\n\t\t\t\t<\/div>\n\t\t\t\t<\/div>\n\t\t<div class=\"elementor-element elementor-element-5cef572 e-con-full e-flex e-con e-child\" data-id=\"5cef572\" data-element_type=\"container\" data-settings=\"{&quot;content_width&quot;:&quot;full&quot;}\">\n\t\t\t\t<\/div>\n\t\t\t\t\t<\/div>\n\t\t\t\t<\/div>\n\t\t\t\t<\/div>\n\t\t","protected":false},"excerpt":{"rendered":"<p>Comunidade Radiestesia Terap\u00eautica\u00ae: A Maior Comunidade de Radiestesia do Brasil Aprenda a ser Terapeuta de Si Mesma e Ajudar Outras Pessoas com 100% de Confian\u00e7a atrav\u00e9s da Radiestesia Terap\u00eautica\u00ae \u274c No momento estamos com as Inscri\u00e7\u00f5es ENCERRADAS Fa\u00e7a sua Pr\u00e9-Inscri\u00e7\u00e3o Gratuita na Comu RT para ser uma das primeiras a serem avisadas da abertura de [&hellip;]<\/p>\n","protected":false},"author":1,"featured_media":0,"parent":0,"menu_order":0,"comment_status":"closed","ping_status":"closed","template":"elementor_canvas","meta":{"footnotes":""},"_links":{"self":[{"href":"https:\/\/mksgestaodigital.com.br\/index.php\/wp-json\/wp\/v2\/pages\/6"}],"collection":[{"href":"https:\/\/mksgestaodigital.com.br\/index.php\/wp-json\/wp\/v2\/pages"}],"about":[{"href":"https:\/\/mksgestaodigital.com.br\/index.php\/wp-json\/wp\/v2\/types\/page"}],"author":[{"embeddable":true,"href":"https:\/\/mksgestaodigital.com.br\/index.php\/wp-json\/wp\/v2\/users\/1"}],"replies":[{"embeddable":true,"href":"https:\/\/mksgestaodigital.com.br\/index.php\/wp-json\/wp\/v2\/comments?post=6"}],"version-history":[{"count":13,"href":"https:\/\/mksgestaodigital.com.br\/index.php\/wp-json\/wp\/v2\/pages\/6\/revisions"}],"predecessor-version":[{"id":30,"href":"https:\/\/mksgestaodigital.com.br\/index.php\/wp-json\/wp\/v2\/pages\/6\/revisions\/30"}],"wp:attachment":[{"href":"https:\/\/mksgestaodigital.com.br\/index.php\/wp-json\/wp\/v2\/media?parent=6"}],"curies":[{"name":"wp","href":"https:\/\/api.w.org\/{rel}","templated":true}]}}